{"id":3,"date":"2023-05-05T08:29:07","date_gmt":"2023-05-05T08:29:07","guid":{"rendered":"http:\/\/localhost\/?page_id=3"},"modified":"2024-03-26T14:33:50","modified_gmt":"2024-03-26T14:33:50","slug":"terms-and-conditions","status":"publish","type":"page","link":"https:\/\/sacosbaratos.pt\/en\/terms-and-conditions\/","title":{"rendered":"Privacy Policy"},"content":{"rendered":"<div class=\"wpb-content-wrapper\"><p>[vc_row wrap_container=&#8221;yes&#8221; css=&#8221;.vc_custom_1659506354463{padding-top: 35px !important;padding-bottom: 48px !important;}&#8221; conditional_render=&#8221;%5B%7B%22value_role%22%3A%22administrator%22%7D%5D&#8221;][vc_column]<div class=\"porto-u-heading m-b-md  wpb_custom_9aa68d92dfa50e84ea5b48989229a1d5 porto-u-ad87e2eaf3f9c495180fe0156ddf3eb0 \"><div class=\"porto-u-main-heading\"><h2   style=\"color:#6f64ac;margin-bottom: 30px;\">TERMS & CONDITIONS<\/h2><\/div><style>.porto-u-ad87e2eaf3f9c495180fe0156ddf3eb0.porto-u-heading{text-align:left}<\/style><\/div><div class=\"porto-u-heading  wpb_custom_fbd0560098c7fd50bf477aad3c6a5baf porto-u-ad87e2eaf3f9c495180fe0156ddf3eb0 \"><div class=\"porto-u-main-heading\"><h2   style=\"margin-bottom: 20px;\">Informa\u00e7\u00e3o da Empresa<\/h2><\/div><div class=\"porto-u-sub-heading\" style=\"color: #777777;\"><strong>Nome:\u00a0<\/strong> Dalbek, Ltd<br \/>\n<strong>NIF:\u00a0<\/strong> 510977731<br \/>\n<strong>Telefone:\u00a0<\/strong> 229 863 336 (Rede Fixa Nacional &#8211; Sem Custos Adicionais)<br \/>\n<strong>Email.:\u00a0<\/strong> geral@sacosbaratos.pt<br \/>\n<strong>Endere\u00e7o:\u00a0<\/strong> Rua do Batel numero 900, Armaz\u00e9m 13, 4485-253 Guilhabreu<\/div><style>.porto-u-ad87e2eaf3f9c495180fe0156ddf3eb0.porto-u-heading{text-align:left}<\/style><\/div><div class=\"porto-u-heading  wpb_custom_fbd0560098c7fd50bf477aad3c6a5baf porto-u-ad87e2eaf3f9c495180fe0156ddf3eb0 \"><div class=\"porto-u-main-heading\"><h2   style=\"margin-bottom: 20px;\">Condi\u00e7\u00f5es de Uso<\/h2><\/div><div class=\"porto-u-sub-heading\" style=\"color: #777777;\">\n<ul>\n<li>Condi\u00e7\u00f5es Gerais<\/li>\n<li>Politica de Privacidade<\/li>\n<li>Propriedade Intelectual e Conte\u00fados<\/li>\n<li>Envio e Entregas<\/li>\n<li>Pre\u00e7os e Op\u00e7\u00f5es de Pagamento<\/li>\n<li>Devolu\u00e7\u00f5es &amp; Trocas<\/li>\n<li>Informa\u00e7\u00e3o dos Produtos<\/li>\n<\/ul>\n<p><\/div><style>.porto-u-ad87e2eaf3f9c495180fe0156ddf3eb0.porto-u-heading{text-align:left}<\/style><\/div><div class=\"porto-u-heading  wpb_custom_b309354a279b27940f062cbf54e96172 porto-u-ad87e2eaf3f9c495180fe0156ddf3eb0 \"><div class=\"porto-u-main-heading\"><h2   style=\"margin-bottom: 20px;\">\u2022 Condi\u00e7\u00f5es Gerais<\/h2><\/div><div class=\"porto-u-sub-heading\" style=\"color: #777777;\">O acesso e uso deste site bem como os produtos e servi\u00e7os dispon\u00edveis est\u00e3o sujeitos \u00e0s seguintes condi\u00e7\u00f5es. Ao usar este site, voc\u00ea est\u00e1 a concordar com as condi\u00e7\u00f5es de uso do site, que podem ser actualizadas ocasionalmente. Aconselhamo-lo a visitar esta p\u00e1gina regularmente para estar a par de quaisquer altera\u00e7\u00f5es que possam ter sido efectuadas \u00e0s Condi\u00e7\u00f5es de Uso.<\/p>\n<p>O acesso a este site \u00e9 permitido com car\u00e1cter tempor\u00e1rio, e reservamos o direito de retirar ou alterar servi\u00e7os sem aviso pr\u00e9vio. N\u00e3o nos responsabilizamos se, por qualquer raz\u00e3o, este website esteja indispon\u00edvel num determinado per\u00edodo de tempo. Ocasionalmente, podemos restringir o acesso a algumas \u00e1reas deste site.<\/p>\n<p>O SacosBaratos.pt n\u00e3o se responsabiliza por danos ou perdas de qualquer pessoa, que possam surgir a partir da utiliza\u00e7\u00e3o de qualquer informa\u00e7\u00e3o contida neste site.<\/p>\n<p>Algumas hiperliga\u00e7\u00f5es deste site levam a sites externos, parceiros do SacosBaratos.pt. Quando clicar nessas liga\u00e7\u00f5es, voc\u00ea deixar\u00e1 o site do SacosBaratos.pt e n\u00f3s n\u00e3o teremos qualquer controlo sobre esses sites, e n\u00e3o aceitaremos qualquer responsabilidade sobre o material presente nos mesmos.<\/p>\n<p>Para efectuar uma encomenda, tem de ser maior de 18 anos e compromete-se a fornecer dados verdadeiros que permitam o processamento com sucesso da sua encomenda.<\/div><style>.porto-u-ad87e2eaf3f9c495180fe0156ddf3eb0.porto-u-heading{text-align:left}<\/style><\/div><div class=\"porto-u-heading  wpb_custom_b309354a279b27940f062cbf54e96172 porto-u-ad87e2eaf3f9c495180fe0156ddf3eb0 \"><div class=\"porto-u-main-heading\"><h2   style=\"margin-bottom: 20px;\">\u2022 Pol\u00edtica de Privacidade<\/h2><\/div><div class=\"porto-u-sub-heading\" style=\"color: #777777;\">No SacosBaratos.pt temos uma importante responsabilidade e compromisso no que respeita \u00e0 seguran\u00e7a do nosso website e \u00e0 protec\u00e7\u00e3o dos dados dos nossos clientes e visitantes. A nossa pol\u00edtica de privacidade \u00e9 apresentada em baixo. Qualquer altera\u00e7\u00e3o a esta pol\u00edtica ser\u00e1 colocada aqui, nesta declara\u00e7\u00e3o.<\/p>\n<p>Que informa\u00e7\u00e3o recolhemos? Recolhemos o seu nome, n\u00famero de telefone, endere\u00e7o postal, e-mail, idade e sexo para uso em campanhas de marketing, pr\u00e9mios e newsletters. Al\u00e9m disso, quando efectuar uma compra no nosso site, recolhemos tamb\u00e9m informa\u00e7\u00f5es sobre a morada de entrega e detalhes de pagamento. Podemos tamb\u00e9m recolher outras informa\u00e7\u00f5es sobre a sua experi\u00eancia no nosso site que contribuem para a melhoria do nosso servi\u00e7o.<\/p>\n<p>Para que efeito s\u00e3o usados os dados recolhidos? Os seus dados permitem aos nossos colaboradores processar as suas encomendas, notifica-lo de altera\u00e7\u00f5es importantes das funcionalidades do site, realizar inqu\u00e9ritos e para efeitos estat\u00edsticos.<\/p>\n<p>Podemos tamb\u00e9m enviar-lhe periodicamente (por e-mail ou correio) informa\u00e7\u00e3o sobre produtos e servi\u00e7os, campanhas, promo\u00e7\u00f5es e ofertas especiais. Se n\u00e3o desejar ser contactado para estes efeitos, pode cancelar atrav\u00e9s das seguintes formas:<\/p>\n<p>&#8211; Pode cancelar a subscri\u00e7\u00e3o da newsletter na sua conta pessoal.<br \/>\n&#8211; As newsletters que receber no seu e-mail t\u00eam um link para cancelar a subscri\u00e7\u00e3o.<br \/>\n&#8211; Pode contactar o nosso Apoio ao Cliente\u00a0<a style=\"color: #f89521;\" href=\"https:\/\/sacosbaratos.pt\/contactos\">aqui<\/a>.<\/p>\n<p>Ao atender \u00e0 sua encomenda, \u00e9 poss\u00edvel que os seus dados, como endere\u00e7o e c\u00f3digo postal, sejam divulgados para efeitos de preven\u00e7\u00e3o e detec\u00e7\u00e3o de fraudes.<\/p>\n<p>O que s\u00e3o Cookies e para que s\u00e3o usados? Cookie \u00e9 um pequeno ficheiro enviado para o seu computador que fica guardado no seu disco. Se criou uma conta no nosso site, o seu computador ir\u00e1 guardar um cookie que lhe ir\u00e1 permitir ser automaticamente identificado sempre que volte a visitar o nosso site. Os cookies s\u00e3o tamb\u00e9m usados para que o nosso sistema consiga seguir os seus passos numa sess\u00e3o de compra. Se n\u00e3o aceitar o uso de cookies, voc\u00ea n\u00e3o conseguir\u00e1 usar este site.<\/p>\n<p>Actualiza\u00e7\u00e3o dos seus dados Se desejar verificar os dados que submeteu no SacosBaratos.pt, pode faz\u00ea-lo por e-mail ou atrav\u00e9s do servi\u00e7o de apoio ao cliente. Ser\u00e1 requisitada uma prova da sua identidade antes de revelarmos a informa\u00e7\u00e3o. Esta prova poder\u00e1 ser o seu email e password de registo no nosso site. Dever\u00e1 manter esta informa\u00e7\u00e3o segura pois \u00e9 sua a responsabilidade se alguma ac\u00e7\u00e3o ou pedido for efectuado atrav\u00e9s da sua conta. Recomendamos que n\u00e3o guarde a sua password no browser, uma vez que outra pessoa com acesso ao seu computador, pode ver e usar a sua informa\u00e7\u00e3o pessoal.<\/p>\n<p>Em cumprimento do disposto Lei n\u00ba 67\/98 de 26 de Outubro Lei de Protec\u00e7\u00e3o de Dados Pessoais, o utilizador poder\u00e1, a qualquer momento, exercer os direitos de acesso, rectifica\u00e7\u00e3o, cancelamento dos seus dados. Os dados pessoais recolhidos poder\u00e3o ser transmitidos a entidades terceiras de reconhecida idoneidade para efeitos de marketing directo. Se n\u00e3o desejar que os seus dados pessoais sejam facultados a terceiros, basta contactar-nos indicando o seu nome, apelido, morada e n\u00ba de cliente:<\/p>\n<p>&#8211; Por Correio Electr\u00f3nico:\u00a0\u00a0 geral@sacosbaratos.pt<\/p>\n<p>Seguran\u00e7a &#8211; O SacosBaratos.pt usa um dos sistemas de encomendas on-line mais seguros que existe e est\u00e1 constantemente a melhorar o seu software, de forma a oferecer a maior seguran\u00e7a poss\u00edvel aos seus membros.<\/div><style>.porto-u-ad87e2eaf3f9c495180fe0156ddf3eb0.porto-u-heading{text-align:left}<\/style><\/div><div class=\"porto-u-heading  wpb_custom_b309354a279b27940f062cbf54e96172 porto-u-ad87e2eaf3f9c495180fe0156ddf3eb0 \"><div class=\"porto-u-main-heading\"><h2   style=\"margin-bottom: 20px;\">\u2022 Propriedade Intelectual e Conte\u00fados<\/h2><\/div><div class=\"porto-u-sub-heading\" style=\"color: #777777;\">Todos os direitos de propriedade intelectual de software e conte\u00fados dispon\u00edveis atrav\u00e9s deste website s\u00e3o propriedade do SacosBaratos.pt ou est\u00e3o licenciados e protegidos por leis e tratados em todo o mundo. Todos esses direitos est\u00e3o reservados ao SacosBaratos.pt e aos seus fornecedores.<\/p>\n<p>Voc\u00ea pode guardar, imprimir ou apresentar os conte\u00fados deste site apenas para o seu uso pessoal. N\u00e3o \u00e9 permitida a publica\u00e7\u00e3o, manipula\u00e7\u00e3o, distribui\u00e7\u00e3o ou reprodu\u00e7\u00e3o, em qualquer formato, de qualquer conte\u00fado deste site nem a liga\u00e7\u00e3o do mesmo para qualquer neg\u00f3cio ou empresa.<\/div><style>.porto-u-ad87e2eaf3f9c495180fe0156ddf3eb0.porto-u-heading{text-align:left}<\/style><\/div><div class=\"porto-u-heading  wpb_custom_b309354a279b27940f062cbf54e96172 porto-u-ad87e2eaf3f9c495180fe0156ddf3eb0 \"><div class=\"porto-u-main-heading\"><h2   style=\"margin-bottom: 20px;\">\u2022 Envio e Entregas<\/h2><\/div><div class=\"porto-u-sub-heading\" style=\"color: #777777;\">O SacosBaratos.pt envia encomendas para Portugal Continental e brevemente para restante Europa. As transportadoras com quem temos protocolos efectuam entregas de Segunda a Sexta-Feira, entre 36h a 48h ap\u00f3s confirma\u00e7\u00e3o do pagamento, na morada indicada no processo de checkout, .<\/p>\n<p>Custos de envio da encomenda &#8211; O SacosBaratos.pt assume todos os encargos relativos aos custos de envio da sua encomenda.<\/p>\n<p>Seguir a minha encomenda &#8211; Quando a sua encomenda for enviada, receber\u00e1 um c\u00f3digo no seu e-mail para que a possa localizar no site da transportadora. Caso tenha dificuldades em localizar a sua encomenda, por favor entre em contacto connosco pelo Apoio ao Cliente.<\/p>\n<p>Dificuldades em realizar a entrega &#8211; Caso o destinat\u00e1rio n\u00e3o se encontre na morada, ser\u00e1 deixado um aviso de passagem, por forma a ser agendada uma nova tentativa de entrega.<\/div><style>.porto-u-ad87e2eaf3f9c495180fe0156ddf3eb0.porto-u-heading{text-align:left}<\/style><\/div><div class=\"porto-u-heading  wpb_custom_b309354a279b27940f062cbf54e96172 porto-u-ad87e2eaf3f9c495180fe0156ddf3eb0 \"><div class=\"porto-u-main-heading\"><h2   style=\"margin-bottom: 20px;\">\u2022 Pre\u00e7o e Op\u00e7\u00f5es de Pagamento<\/h2><\/div><div class=\"porto-u-sub-heading\" style=\"color: #777777;\">M\u00e9todos de pagamento &#8211; O SacosBaratos.pt coloca \u00e0 sua disposi\u00e7\u00e3o os seguintes m\u00e9todos de pagamento: Cart\u00e3o de cr\u00e9dito ( Visa, Visa Electron, Mastercard, Maestro), Paypal, Multibanco e Pay-Shop,\u00a0\u00a0Contra-reembolso.<\/p>\n<p>Por favor aceda ao site da\u00a0<a style=\"color: #f89521;\" href=\"https:\/\/www.paypal.com\/pt\">PayPal<\/a>\u00a0para mais informa\u00e7\u00f5es sobre os pagamentos por PayPal.<\/p>\n<p>O pagamento em contra-reembolso dever\u00e1 ser efectuado em dinheiro no acto da entrega da encomenda. O valor limite por encomenda neste m\u00e9todo \u00e9 de 150 Euros. Este m\u00e9todo de pagamento apenas est\u00e1 disponivel para Portugal Continental e n\u00e3o \u00e9 permitido aos clientes cujas \u00faltimas 2 encomendas em contra-reembolso, tenham sido devolvidas por motivos alheios ao SacosBaratos.pt e\/ou \u00e0 transportadora escolhida.<\/p>\n<p>O pagamento por Multibanco pode ser efectuado atrav\u00e9s da Rede de Caixas Multibanco ou do seu Homebanking.<\/p>\n<p>Este tipo de pagamento demora cerca de 1 dia \u00fatil a entrar no banco. A sua encomenda apenas ser\u00e1 enviada, quando confirmarmos a recep\u00e7\u00e3o do seu pagamento.<\/p>\n<p>Os produtos s\u00e3o reservados durante 4 dias. Se durante este per\u00edodo o SacosBaratos.pt n\u00e3o receber o pagamento, a encomenda \u00e9 automaticamente anulada.<\/p>\n<p>Todos os pre\u00e7os apresentados j\u00e1 incluem IVA\u00a0\u00e0\u00a0taxa legal em vigor.<\/p>\n<p>Verifica\u00e7\u00e3o do cart\u00e3o de cr\u00e9dito &#8211; Os utilizadores do cart\u00e3o de cr\u00e9dito s\u00e3o sujeitos \u00e0 valida\u00e7\u00e3o e autoriza\u00e7\u00e3o do cart\u00e3o por parte do seu emissor. Se o cart\u00e3o for recusado, voc\u00ea ser\u00e1 imediatamente informado pelo nosso sistema, quando estiver a concluir a encomenda.<\/p>\n<p>Ao avaliar o seu pedido de encomenda, \u00e9 poss\u00edvel a divulga\u00e7\u00e3o dos seus dados, como o endere\u00e7o e c\u00f3digo postal, para a verifica\u00e7\u00e3o de alertas de seguran\u00e7a e efeitos de preven\u00e7\u00e3o e detec\u00e7\u00e3o de qualquer tipo de esquema fraudulento.<\/p>\n<p>Mesmo assim, sempre que os seus dados forem divulgados, eles permanecer\u00e3o seguros.<\/p>\n<p>Se achar que os seus dados n\u00e3o est\u00e3o correctos, poder\u00e1 corrigir-los seguindo o procedimento presente na nossa Pol\u00edtica de Privacidade.<\/div><style>.porto-u-ad87e2eaf3f9c495180fe0156ddf3eb0.porto-u-heading{text-align:left}<\/style><\/div><div class=\"porto-u-heading  wpb_custom_b309354a279b27940f062cbf54e96172 porto-u-ad87e2eaf3f9c495180fe0156ddf3eb0 \"><div class=\"porto-u-main-heading\"><h2   style=\"margin-bottom: 20px;\">\u2022 Devolu\u00e7\u00f5es e Trocas<\/h2><\/div><div class=\"porto-u-sub-heading\" style=\"color: #777777;\">Condi\u00e7\u00f5es Gerais &#8211; N\u00e3o aceitamos devolu\u00e7\u00f5es ou trocas neste tipo de artigos com\u00a0excep\u00e7\u00e3o da seguinte alinea:<\/p>\n<p>Produtos com defeito &#8211; Garantimos a satisfa\u00e7\u00e3o dos nossos clientes e n\u00e3o queremos que estes comprem produtos que possam ter escapado no controlo de qualidade. Por isso, se acha que lhe enviamos um produto defeituoso, por favor contacte o nosso servi\u00e7o de Apoio ao Cliente no prazo de 14 dias a partir da recep\u00e7\u00e3o da encomenda para que possamos agendar a recolha do produto. Tenha \u00e0 m\u00e3o os seguintes dados:<\/p>\n<p>&#8211; N\u00famero da encomenda<br \/>\n&#8211; Refer\u00eancia e nome do produto<br \/>\n&#8211; Detalhes do defeito<br \/>\n&#8211; Se pretende um reembolso ou uma substitui\u00e7\u00e3o do produto<br \/>\n&#8211; Uma fotografia do defeito do produto enviada para o nosso e-mail.<\/p>\n<p>Se pretender efectuar uma devolu\u00e7\u00e3o ou troca, deve-nos enviar um email com o numero de encomenda e refer\u00eancia do artigo.<\/p>\n<p>Assim que recebermos a sua devolu\u00e7\u00e3o, \u00e9 realizada uma avalia\u00e7\u00e3o t\u00e9cnica ao (s) produto (s). A troca \u00e9 processada no prazo de 5 dias \u00fateis e receber\u00e1 um e-mail quando o novo produto for enviado. No caso de ser imposs\u00edvel trocar um produto devido a ruptura de stock, ser\u00e1 efectuado o reembolso do valor total do mesmo.<\/p>\n<p>M\u00e9todo de reembolso &#8211; Pode optar por ser reembolsado atrav\u00e9s de um cup\u00e3o de desconto CaixasBaratas.pt ou atrav\u00e9s do m\u00e9todo original que usou para pagar a sua encomenda.<\/p>\n<p>Cup\u00e3o de desconto &#8211; Se optar pelo cup\u00e3o de desconto, ser\u00e1 enviado para o seu e-mail um c\u00f3digo para descontar o valor do reembolso numa pr\u00f3xima encomenda. Esse c\u00f3digo dever\u00e1 ser inserido no campo \u201cC\u00f3digos de desconto\u201d da p\u00e1gina do carrinho de compras e quando aplicado \u00e9 descontado ao total da nova encomenda.<\/p>\n<p>&#8211; M\u00e9todo de pagamento original<\/p>\n<p>1. Se efectuou o pagamento por cart\u00e3o de cr\u00e9dito, o reembolso ser\u00e1 feito no pr\u00f3prio cart\u00e3o e poder\u00e1 ser verificado no pr\u00f3ximo extracto. 2. No pagamento por Paypal, o reembolso \u00e9 creditado na sua conta Paypal e ficar\u00e1 imediatamente dispon\u00edvel. 3. No caso do pagamento por transfer\u00eancia banc\u00e1ria ou contra-reembolso, ser-lhe-\u00e3o pedidos os seus dados banc\u00e1rios (NIB e SWIFT) e o reembolso ser\u00e1 efectuado por transfer\u00eancia banc\u00e1ria.<\/div><style>.porto-u-ad87e2eaf3f9c495180fe0156ddf3eb0.porto-u-heading{text-align:left}<\/style><\/div><div class=\"porto-u-heading  wpb_custom_b309354a279b27940f062cbf54e96172 porto-u-ad87e2eaf3f9c495180fe0156ddf3eb0 \"><div class=\"porto-u-main-heading\"><h2   style=\"margin-bottom: 20px;\">\u2022 Informa\u00e7\u00e3o dos Produtos<\/h2><\/div><div class=\"porto-u-sub-heading\" style=\"color: #777777;\">O SacosBaratos.pt faz todos os poss\u00edveis para que as fotografias dos produtos apresentados no site sejam o mais aproximado poss\u00edvel ao n\u00edvel da cor. No entanto, a cor \u00e9 um factor que depende de cada monitor e defini\u00e7\u00f5es do mesmo. Neste sentido, n\u00e3o podemos garantir que o seu monitor reflicta a cor real do produto.<\/p>\n<p>Todas as medidas s\u00e3o aproximadas, no entanto fazemos todos os esfor\u00e7os para assegurar que eles s\u00e3o t\u00e3o precisos quanto poss\u00edvel.<\/p>\n<p>Tomamos as devidas precau\u00e7\u00f5es para garantir que todos os detalhes, descri\u00e7\u00f5es e pre\u00e7os dos produtos apresentados no site est\u00e3o correctos. No entanto, reservamos o direito em recusar encomendas nas quais a informa\u00e7\u00e3o dos produtos foi incorrectamente publicada, incluindo pre\u00e7os e promo\u00e7\u00f5es.<\/p>\n<p>A recusa de encomendas pode tamb\u00e9m ser resultado de outros motivos tais como:<\/p>\n<p>&#8211; Produto fora de stock.<br \/>\n&#8211; Incapacidade em obter autoriza\u00e7\u00e3o de pagamento.<br \/>\n&#8211; Encomendas fraudulentas.<\/p>\n<p>Se existir algum problema com a sua encomenda, ser\u00e1 imediatamente contactado por n\u00f3s.<\/p>\n<p>Fazemos tudo o que est\u00e1 ao nosso alcance para manter os dados da sua encomenda e de pagamento seguros. Mas, n\u00e3o podemos ser responsabilizados por qualquer perda que voc\u00ea possa sofrer, se um terceiro conseguir acesso n\u00e3o autorizado a quaisquer dados que voc\u00ea forneceu ao aceder ou encomendar no nosso site.<\/p>\n<p>\u00c9 poss\u00edvel o cancelamento de encomendas que ainda n\u00e3o foram enviadas. Se recebeu uma encomenda e pretende devolver-la, contacte o nosso servi\u00e7o de apoio ao cliente. Para mais informa\u00e7\u00f5es sobre devolu\u00e7\u00f5es clique aqui.<\/p>\n<p>O SacosBaratos.pt pode modificar os pre\u00e7os sem aviso pr\u00e9vio. Todos os pre\u00e7os apresentados incluem IVA \u00e0 taxa legal em vigor.<\/div><style>.porto-u-ad87e2eaf3f9c495180fe0156ddf3eb0.porto-u-heading{text-align:left}<\/style><\/div>[\/vc_column][\/vc_row]<\/p>\n<\/div>","protected":false},"excerpt":{"rendered":"<p>[vc_row wrap_container=&#8221;yes&#8221; css=&#8221;.vc_custom_1659506354463{padding-top: 35px !important;padding-bottom: 48px !important;}&#8221; conditional_render=&#8221;%5B%7B%22value_role%22%3A%22administrator%22%7D%5D&#8221;][vc_column][\/vc_column][\/vc_row]<\/p>\n","protected":false},"author":1,"featured_media":0,"parent":0,"menu_order":0,"comment_status":"closed","ping_status":"closed","template":"","meta":{"footnotes":""},"class_list":["post-3","page","type-page","status-publish","hentry"],"_links":{"self":[{"href":"https:\/\/sacosbaratos.pt\/en\/wp-json\/wp\/v2\/pages\/3"}],"collection":[{"href":"https:\/\/sacosbaratos.pt\/en\/wp-json\/wp\/v2\/pages"}],"about":[{"href":"https:\/\/sacosbaratos.pt\/en\/wp-json\/wp\/v2\/types\/page"}],"author":[{"embeddable":true,"href":"https:\/\/sacosbaratos.pt\/en\/wp-json\/wp\/v2\/users\/1"}],"replies":[{"embeddable":true,"href":"https:\/\/sacosbaratos.pt\/en\/wp-json\/wp\/v2\/comments?post=3"}],"version-history":[{"count":4,"href":"https:\/\/sacosbaratos.pt\/en\/wp-json\/wp\/v2\/pages\/3\/revisions"}],"predecessor-version":[{"id":8023,"href":"https:\/\/sacosbaratos.pt\/en\/wp-json\/wp\/v2\/pages\/3\/revisions\/8023"}],"wp:attachment":[{"href":"https:\/\/sacosbaratos.pt\/en\/wp-json\/wp\/v2\/media?parent=3"}],"curies":[{"name":"wp","href":"https:\/\/api.w.org\/{rel}","templated":true}]}}